{"id":1346,"date":"2024-01-23T21:38:24","date_gmt":"2024-01-23T20:38:24","guid":{"rendered":"https:\/\/mariapsiconutri.com\/?page_id=1346"},"modified":"2024-03-08T23:27:44","modified_gmt":"2024-03-08T22:27:44","slug":"servicios-3","status":"publish","type":"page","link":"https:\/\/mariapsiconutri.com\/index.php\/servicios-3\/","title":{"rendered":"Servicios"},"content":{"rendered":"\t\t<div data-elementor-type=\"wp-page\" data-elementor-id=\"1346\" class=\"elementor elementor-1346\">\n\t\t\t\t<div class=\"elementor-element elementor-element-735db0f e-flex e-con-boxed e-con e-parent\" data-id=\"735db0f\" data-element_type=\"container\">\n\t\t\t\t\t<div class=\"e-con-inner\">\n\t\t\t\t<div class=\"elementor-element elementor-element-17fb89a elementor-widget elementor-widget-heading\" data-id=\"17fb89a\" data-element_type=\"widget\" data-widget_type=\"heading.default\">\n\t\t\t\t<div class=\"elementor-widget-container\">\n\t\t\t<style>\/*! elementor - v3.23.0 - 05-08-2024 *\/\n.elementor-heading-title{padding:0;margin:0;line-height:1}.elementor-widget-heading .elementor-heading-title[class*=elementor-size-]>a{color:inherit;font-size:inherit;line-height:inherit}.elementor-widget-heading .elementor-heading-title.elementor-size-small{font-size:15px}.elementor-widget-heading .elementor-heading-title.elementor-size-medium{font-size:19px}.elementor-widget-heading .elementor-heading-title.elementor-size-large{font-size:29px}.elementor-widget-heading .elementor-heading-title.elementor-size-xl{font-size:39px}.elementor-widget-heading .elementor-heading-title.elementor-size-xxl{font-size:59px}<\/style><h2 class=\"elementor-heading-title elementor-size-default\">SERVICIOS A TU DISPOSICI\u00d3N<\/h2>\t\t<\/div>\n\t\t\t\t<\/div>\n\t\t\t\t\t<\/div>\n\t\t\t\t<\/div>\n\t\t<div class=\"elementor-element elementor-element-389a2c9 e-flex e-con-boxed e-con e-parent\" data-id=\"389a2c9\" data-element_type=\"container\">\n\t\t\t\t\t<div class=\"e-con-inner\">\n\t\t\t\t<div class=\"elementor-element elementor-element-3236339 elementor-widget elementor-widget-spacer\" data-id=\"3236339\" data-element_type=\"widget\" data-widget_type=\"spacer.default\">\n\t\t\t\t<div class=\"elementor-widget-container\">\n\t\t\t<style>\/*! elementor - v3.23.0 - 05-08-2024 *\/\n.elementor-column .elementor-spacer-inner{height:var(--spacer-size)}.e-con{--container-widget-width:100%}.e-con-inner>.elementor-widget-spacer,.e-con>.elementor-widget-spacer{width:var(--container-widget-width,var(--spacer-size));--align-self:var(--container-widget-align-self,initial);--flex-shrink:0}.e-con-inner>.elementor-widget-spacer>.elementor-widget-container,.e-con>.elementor-widget-spacer>.elementor-widget-container{height:100%;width:100%}.e-con-inner>.elementor-widget-spacer>.elementor-widget-container>.elementor-spacer,.e-con>.elementor-widget-spacer>.elementor-widget-container>.elementor-spacer{height:100%}.e-con-inner>.elementor-widget-spacer>.elementor-widget-container>.elementor-spacer>.elementor-spacer-inner,.e-con>.elementor-widget-spacer>.elementor-widget-container>.elementor-spacer>.elementor-spacer-inner{height:var(--container-widget-height,var(--spacer-size))}.e-con-inner>.elementor-widget-spacer.elementor-widget-empty,.e-con>.elementor-widget-spacer.elementor-widget-empty{position:relative;min-height:22px;min-width:22px}.e-con-inner>.elementor-widget-spacer.elementor-widget-empty .elementor-widget-empty-icon,.e-con>.elementor-widget-spacer.elementor-widget-empty .elementor-widget-empty-icon{position:absolute;top:0;bottom:0;left:0;right:0;margin:auto;padding:0;width:22px;height:22px}<\/style>\t\t<div class=\"elementor-spacer\">\n\t\t\t<div class=\"elementor-spacer-inner\"><\/div>\n\t\t<\/div>\n\t\t\t\t<\/div>\n\t\t\t\t<\/div>\n\t\t\t\t\t<\/div>\n\t\t\t\t<\/div>\n\t\t<div class=\"elementor-element elementor-element-ee3b65b e-flex e-con-boxed e-con e-parent\" data-id=\"ee3b65b\" data-element_type=\"container\">\n\t\t\t\t\t<div class=\"e-con-inner\">\n\t\t<div class=\"elementor-element elementor-element-0d2d4c8 e-con-full e-flex e-con e-child\" data-id=\"0d2d4c8\" data-element_type=\"container\">\n\t\t\t\t<div class=\"elementor-element elementor-element-974ced9 elementor-widget elementor-widget-image\" data-id=\"974ced9\" data-element_type=\"widget\" data-widget_type=\"image.default\">\n\t\t\t\t<div class=\"elementor-widget-container\">\n\t\t\t<style>\/*! elementor - v3.23.0 - 05-08-2024 *\/\n.elementor-widget-image{text-align:center}.elementor-widget-image a{display:inline-block}.elementor-widget-image a img[src$=\".svg\"]{width:48px}.elementor-widget-image img{vertical-align:middle;display:inline-block}<\/style>\t\t\t\t\t\t\t\t\t\t<img fetchpriority=\"high\" decoding=\"async\" width=\"1024\" height=\"779\" src=\"https:\/\/mariapsiconutri.com\/wp-content\/uploads\/2023\/10\/11-1-1024x779.jpg\" class=\"attachment-large size-large wp-image-403\" alt=\"mariapsiconutri - respetar\" srcset=\"https:\/\/mariapsiconutri.com\/wp-content\/uploads\/2023\/10\/11-1-1024x779.jpg 1024w, https:\/\/mariapsiconutri.com\/wp-content\/uploads\/2023\/10\/11-1-600x456.jpg 600w, https:\/\/mariapsiconutri.com\/wp-content\/uploads\/2023\/10\/11-1-300x228.jpg 300w, https:\/\/mariapsiconutri.com\/wp-content\/uploads\/2023\/10\/11-1-768x584.jpg 768w, https:\/\/mariapsiconutri.com\/wp-content\/uploads\/2023\/10\/11-1.jpg 1420w\" sizes=\"(max-width: 1024px) 100vw, 1024px\" \/>\t\t\t\t\t\t\t\t\t\t\t\t\t<\/div>\n\t\t\t\t<\/div>\n\t\t\t\t<\/div>\n\t\t<div class=\"elementor-element elementor-element-000d63c e-con-full e-flex e-con e-child\" data-id=\"000d63c\" data-element_type=\"container\">\n\t\t\t\t<div class=\"elementor-element elementor-element-b7933ac elementor-widget elementor-widget-image\" data-id=\"b7933ac\" data-element_type=\"widget\" data-widget_type=\"image.default\">\n\t\t\t\t<div class=\"elementor-widget-container\">\n\t\t\t\t\t\t\t\t\t\t\t\t\t<img decoding=\"async\" width=\"1024\" height=\"779\" src=\"https:\/\/mariapsiconutri.com\/wp-content\/uploads\/2023\/10\/8-1024x779.jpg\" class=\"attachment-large size-large wp-image-379\" alt=\"\" srcset=\"https:\/\/mariapsiconutri.com\/wp-content\/uploads\/2023\/10\/8-1024x779.jpg 1024w, https:\/\/mariapsiconutri.com\/wp-content\/uploads\/2023\/10\/8-600x456.jpg 600w, https:\/\/mariapsiconutri.com\/wp-content\/uploads\/2023\/10\/8-300x228.jpg 300w, https:\/\/mariapsiconutri.com\/wp-content\/uploads\/2023\/10\/8-768x584.jpg 768w, https:\/\/mariapsiconutri.com\/wp-content\/uploads\/2023\/10\/8.jpg 1420w\" sizes=\"(max-width: 1024px) 100vw, 1024px\" \/>\t\t\t\t\t\t\t\t\t\t\t\t\t<\/div>\n\t\t\t\t<\/div>\n\t\t\t\t<\/div>\n\t\t<div class=\"elementor-element elementor-element-93e3f33 e-con-full e-flex e-con e-child\" data-id=\"93e3f33\" data-element_type=\"container\">\n\t\t\t\t<div class=\"elementor-element elementor-element-dcd20cf elementor-widget elementor-widget-image\" data-id=\"dcd20cf\" data-element_type=\"widget\" data-widget_type=\"image.default\">\n\t\t\t\t<div class=\"elementor-widget-container\">\n\t\t\t\t\t\t\t\t\t\t\t\t\t<img decoding=\"async\" width=\"1024\" height=\"779\" src=\"https:\/\/mariapsiconutri.com\/wp-content\/uploads\/2023\/10\/12-1-1024x779.jpg\" class=\"attachment-large size-large wp-image-402\" alt=\"\" srcset=\"https:\/\/mariapsiconutri.com\/wp-content\/uploads\/2023\/10\/12-1-1024x779.jpg 1024w, https:\/\/mariapsiconutri.com\/wp-content\/uploads\/2023\/10\/12-1-600x456.jpg 600w, https:\/\/mariapsiconutri.com\/wp-content\/uploads\/2023\/10\/12-1-300x228.jpg 300w, https:\/\/mariapsiconutri.com\/wp-content\/uploads\/2023\/10\/12-1-768x584.jpg 768w, https:\/\/mariapsiconutri.com\/wp-content\/uploads\/2023\/10\/12-1.jpg 1420w\" sizes=\"(max-width: 1024px) 100vw, 1024px\" \/>\t\t\t\t\t\t\t\t\t\t\t\t\t<\/div>\n\t\t\t\t<\/div>\n\t\t\t\t<\/div>\n\t\t<div class=\"elementor-element elementor-element-fdb5ccd e-con-full e-flex e-con e-child\" data-id=\"fdb5ccd\" data-element_type=\"container\">\n\t\t\t\t<div class=\"elementor-element elementor-element-2e2e22d elementor-align-center elementor-widget elementor-widget-button\" data-id=\"2e2e22d\" data-element_type=\"widget\" data-widget_type=\"button.default\">\n\t\t\t\t<div class=\"elementor-widget-container\">\n\t\t\t\t\t<div class=\"elementor-button-wrapper\">\n\t\t\t<a class=\"elementor-button elementor-button-link elementor-size-sm\" href=\"\">\n\t\t\t\t\t\t<span class=\"elementor-button-content-wrapper\">\n\t\t\t\t\t\t\t\t\t<span class=\"elementor-button-text\">NUTRICI\u00d3N INTEGRATIVA<\/span>\n\t\t\t\t\t<\/span>\n\t\t\t\t\t<\/a>\n\t\t<\/div>\n\t\t\t\t<\/div>\n\t\t\t\t<\/div>\n\t\t\t\t<\/div>\n\t\t<div class=\"elementor-element elementor-element-fe08832 e-con-full e-flex e-con e-child\" data-id=\"fe08832\" data-element_type=\"container\">\n\t\t\t\t<div class=\"elementor-element elementor-element-b73425b elementor-align-center elementor-widget elementor-widget-button\" data-id=\"b73425b\" data-element_type=\"widget\" data-widget_type=\"button.default\">\n\t\t\t\t<div class=\"elementor-widget-container\">\n\t\t\t\t\t<div class=\"elementor-button-wrapper\">\n\t\t\t<a class=\"elementor-button elementor-button-link elementor-size-sm\" href=\"\">\n\t\t\t\t\t\t<span class=\"elementor-button-content-wrapper\">\n\t\t\t\t\t\t\t\t\t<span class=\"elementor-button-text\">PSICOLOG\u00cdA INTEGRATIVA<\/span>\n\t\t\t\t\t<\/span>\n\t\t\t\t\t<\/a>\n\t\t<\/div>\n\t\t\t\t<\/div>\n\t\t\t\t<\/div>\n\t\t\t\t<\/div>\n\t\t<div class=\"elementor-element elementor-element-8a58c71 e-con-full e-flex e-con e-child\" data-id=\"8a58c71\" data-element_type=\"container\">\n\t\t\t\t<div class=\"elementor-element elementor-element-0e6f150 elementor-align-center elementor-widget elementor-widget-button\" data-id=\"0e6f150\" data-element_type=\"widget\" data-widget_type=\"button.default\">\n\t\t\t\t<div class=\"elementor-widget-container\">\n\t\t\t\t\t<div class=\"elementor-button-wrapper\">\n\t\t\t<a class=\"elementor-button elementor-button-link elementor-size-sm\" href=\"\">\n\t\t\t\t\t\t<span class=\"elementor-button-content-wrapper\">\n\t\t\t\t\t\t\t\t\t<span class=\"elementor-button-text\">PSICONEUROINMUNOLOG\u00cdA CL\u00cdNICA<\/span>\n\t\t\t\t\t<\/span>\n\t\t\t\t\t<\/a>\n\t\t<\/div>\n\t\t\t\t<\/div>\n\t\t\t\t<\/div>\n\t\t\t\t<\/div>\n\t\t\t\t\t<\/div>\n\t\t\t\t<\/div>\n\t\t\t\t<\/div>\n\t\t","protected":false},"excerpt":{"rendered":"<p>SERVICIOS A TU DISPOSICI\u00d3N NUTRICI\u00d3N INTEGRATIVA PSICOLOG\u00cdA INTEGRATIVA PSICONEUROINMUNOLOG\u00cdA CL\u00cdNICA<\/p>\n","protected":false},"author":1,"featured_media":0,"parent":0,"menu_order":0,"comment_status":"closed","ping_status":"closed","template":"","meta":{"om_disable_all_campaigns":false,"_monsterinsights_skip_tracking":false,"_monsterinsights_sitenote_active":false,"_monsterinsights_sitenote_note":"","_monsterinsights_sitenote_category":0,"site-sidebar-layout":"no-sidebar","site-content-layout":"","ast-site-content-layout":"full-width-container","site-content-style":"default","site-sidebar-style":"default","ast-global-header-display":"","ast-banner-title-visibility":"","ast-main-header-display":"","ast-hfb-above-header-display":"","ast-hfb-below-header-display":"","ast-hfb-mobile-header-display":"","site-post-title":"disabled","ast-breadcrumbs-content":"","ast-featured-img":"disabled","footer-sml-layout":"","theme-transparent-header-meta":"","adv-header-id-meta":"","stick-header-meta":"","header-above-stick-meta":"","header-main-stick-meta":"","header-below-stick-meta":"","astra-migrate-meta-layouts":"","ast-page-background-enabled":"default","ast-page-background-meta":{"desktop":{"background-color":"var(--ast-global-color-4)","background-image":"","background-repeat":"repeat","background-position":"center center","background-size":"auto","background-attachment":"scroll","background-type":"","background-media":"","overlay-type":"","overlay-color":"","overlay-gradient":""},"tablet":{"background-color":"","background-image":"","background-repeat":"repeat","background-position":"center center","background-size":"auto","background-attachment":"scroll","background-type":"","background-media":"","overlay-type":"","overlay-color":"","overlay-gradient":""},"mobile":{"background-color":"","background-image":"","background-repeat":"repeat","background-position":"center center","background-size":"auto","background-attachment":"scroll","background-type":"","background-media":"","overlay-type":"","overlay-color":"","overlay-gradient":""}},"ast-content-background-meta":{"desktop":{"background-color":"var(--ast-global-color-5)","background-image":"","background-repeat":"repeat","background-position":"center center","background-size":"auto","background-attachment":"scroll","background-type":"","background-media":"","overlay-type":"","overlay-color":"","overlay-gradient":""},"tablet":{"background-color":"var(--ast-global-color-5)","background-image":"","background-repeat":"repeat","background-position":"center center","background-size":"auto","background-attachment":"scroll","background-type":"","background-media":"","overlay-type":"","overlay-color":"","overlay-gradient":""},"mobile":{"background-color":"var(--ast-global-color-5)","background-image":"","background-repeat":"repeat","background-position":"center center","background-size":"auto","background-attachment":"scroll","background-type":"","background-media":"","overlay-type":"","overlay-color":"","overlay-gradient":""}},"footnotes":""},"class_list":["post-1346","page","type-page","status-publish","hentry"],"aioseo_notices":[],"jetpack_sharing_enabled":true,"_links":{"self":[{"href":"https:\/\/mariapsiconutri.com\/index.php\/wp-json\/wp\/v2\/pages\/1346"}],"collection":[{"href":"https:\/\/mariapsiconutri.com\/index.php\/wp-json\/wp\/v2\/pages"}],"about":[{"href":"https:\/\/mariapsiconutri.com\/index.php\/wp-json\/wp\/v2\/types\/page"}],"author":[{"embeddable":true,"href":"https:\/\/mariapsiconutri.com\/index.php\/wp-json\/wp\/v2\/users\/1"}],"replies":[{"embeddable":true,"href":"https:\/\/mariapsiconutri.com\/index.php\/wp-json\/wp\/v2\/comments?post=1346"}],"version-history":[{"count":23,"href":"https:\/\/mariapsiconutri.com\/index.php\/wp-json\/wp\/v2\/pages\/1346\/revisions"}],"predecessor-version":[{"id":2126,"href":"https:\/\/mariapsiconutri.com\/index.php\/wp-json\/wp\/v2\/pages\/1346\/revisions\/2126"}],"wp:attachment":[{"href":"https:\/\/mariapsiconutri.com\/index.php\/wp-json\/wp\/v2\/media?parent=1346"}],"curies":[{"name":"wp","href":"https:\/\/api.w.org\/{rel}","templated":true}]}}